{"id":9177,"date":"2025-02-02T18:22:57","date_gmt":"2025-02-02T18:22:57","guid":{"rendered":"https:\/\/kingdomautofinance.com\/?page_id=9177"},"modified":"2025-04-01T03:23:11","modified_gmt":"2025-04-01T03:23:11","slug":"autopay","status":"publish","type":"page","link":"https:\/\/kingdomautofinance.com\/br\/autopay\/","title":{"rendered":"Configura\u00e7\u00e3o de pagamento autom\u00e1tico"},"content":{"rendered":"<div data-elementor-type=\"wp-page\" data-elementor-id=\"9177\" class=\"elementor elementor-9177\">\n\t\t\t\t<div class=\"lqd-css-sticky elementor-element elementor-element-2bb79ab e-flex e-con-boxed e-con e-parent\" style=\"top: auto; top: 0px;\" data-id=\"2bb79ab\" data-element_type=\"container\" data-settings=\"{&quot;background_background&quot;:&quot;classic&quot;}\">\n\t\t\t\t\t<div class=\"e-con-inner\">\n\t\t<div data-parallax=\"true\" data-parallax-options=\"{&quot;ease&quot;:[&quot;linear&quot;],&quot;start&quot;:&quot;center center&quot;,&quot;end&quot;:&quot;bottom+=0px top&quot;}\" data-parallax-from=\"{&quot;y&quot;:&quot;0px&quot;,&quot;z&quot;:&quot;0px&quot;,&quot;scaleX&quot;:1,&quot;scaleY&quot;:1,&quot;opacity&quot;:1,&quot;transformOrigin&quot;:&quot;50% 50% 0px&quot;}\" data-parallax-to=\"{&quot;y&quot;:&quot;-200px&quot;,&quot;z&quot;:&quot;50px&quot;,&quot;scaleX&quot;:0.7,&quot;scaleY&quot;:0.7,&quot;opacity&quot;:0,&quot;transformOrigin&quot;:&quot;50% 50% 0px&quot;}\" class=\"elementor-element elementor-element-daa2e36 e-con-full e-flex e-con e-child\" data-id=\"daa2e36\" data-element_type=\"container\">\n\t\t\t\t<div class=\"elementor-element elementor-element-ec6cce3 elementor-widget elementor-widget-hub_fancy_heading\" data-id=\"ec6cce3\" data-element_type=\"widget\" data-widget_type=\"hub_fancy_heading.default\">\n\t\t\t\t<div class=\"elementor-widget-container\">\n\t\t\t\t\t\n\t\t<div id=\"ld-fancy-heading-69df311617c6c\" class=\"ld-fancy-heading pos-rel\">\n\t\t\t<h2 class=\"ld-fh-element d-inline-block pos-rel  elementor-heading-title ld-gradient-heading lqd-highlight-custom lqd-highlight-custom-1 h2\"  > Configura\u00e7\u00e3o de pagamento autom\u00e1tico<\/h2>\t\t<\/div>\n\n\t\t\t\t\t\t<\/div>\n\t\t\t\t<\/div>\n\t\t\t\t<div class=\"elementor-element elementor-element-a80f593 elementor-widget elementor-widget-hub_fancy_heading\" data-id=\"a80f593\" data-element_type=\"widget\" data-widget_type=\"hub_fancy_heading.default\">\n\t\t\t\t<div class=\"elementor-widget-container\">\n\t\t\t\t\t\n\t\t<div id=\"ld-fancy-heading-69df311617fd6\" class=\"ld-fancy-heading pos-rel\">\n\t\t\t<p class=\"ld-fh-element d-inline-block pos-rel  lqd-highlight-classic lqd-highlight-grow-left p\"  > Gostaria de configurar sua conta para pagamentos autom\u00e1ticos?<\/p>\t\t<\/div>\n\n\t\t\t\t\t\t<\/div>\n\t\t\t\t<\/div>\n\t\t\t\t<div class=\"elementor-element elementor-element-f981b97 elementor-align-center elementor-widget elementor-widget-ld_button\" data-id=\"f981b97\" data-element_type=\"widget\" data-widget_type=\"ld_button.default\">\n\t\t\t\t<div class=\"elementor-widget-container\">\n\t\t\t\t\t\n\t\t\t<a\n\t\t\t\thref=\"#contact-form\"class=\"elementor-button btn btn-solid btn-icon-shaped btn-has-label\"\t\t\t>\n\t\t\t\t\t\t\t\t\t<span data-text=\"Let&#039;s Start\" class=\"btn-txt\">\n\t\t\t\t\t\tVamos come\u00e7ar\t\t\t\t\t<\/span>\n\t\t\t\t\t\t\t\t\t\t\t<\/a>\n\t\t\t\t\t\t\t<\/div>\n\t\t\t\t<\/div>\n\t\t\t\t<\/div>\n\t\t\t\t\t<\/div>\n\t\t\t\t<\/div>\n\t\t<div class=\"elementor-element elementor-element-41eb910 e-con-full e-flex e-con e-parent\" data-id=\"41eb910\" data-element_type=\"container\" id=\"contact-form\">\n\t\t<div class=\"elementor-element elementor-element-76922b4 e-con-full scroll-padding e-flex e-con e-child\" data-id=\"76922b4\" data-element_type=\"container\" data-settings=\"{&quot;background_background&quot;:&quot;classic&quot;}\">\n\t\t<div class=\"elementor-element elementor-element-e8202a1 e-con-full e-flex e-con e-child\" data-id=\"e8202a1\" data-element_type=\"container\" data-settings=\"{&quot;background_background&quot;:&quot;classic&quot;}\">\n\t\t<div class=\"elementor-element elementor-element-3b15df5 e-flex e-con-boxed e-con e-child\" data-id=\"3b15df5\" data-element_type=\"container\">\n\t\t\t\t\t<div class=\"e-con-inner\">\n\t\t\t\t<div class=\"elementor-element elementor-element-0d432fc elementor-widget elementor-widget-ld_cf722\" data-id=\"0d432fc\" data-element_type=\"widget\" data-widget_type=\"ld_cf722.default\">\n\t\t\t\t<div class=\"elementor-widget-container\">\n\t\t\t\t\t\n\t<div class=\"lqd-contact-form lqd-contact-form-inputs-underlined lqd-contact-form-inputs-border-thick  lqd-contact-form-button-block lqd-contact-form-button-filled  lqd-contact-form-button-circle  lqd-contact-form-inputs-md\">\n\t\t\n<div class=\"wpcf7 no-js\" id=\"wpcf7-f9182-o1\" lang=\"en-US\" dir=\"ltr\" data-wpcf7-id=\"9182\">\n<div class=\"screen-reader-response\"><p role=\"status\" aria-live=\"polite\" aria-atomic=\"true\"><\/p> <ul><\/ul><\/div>\n<form action=\"\/br\/wp-json\/wp\/v2\/pages\/9177#wpcf7-f9182-o1\" method=\"post\" class=\"wpcf7-form init\" aria-label=\"Formul\u00e1rio de contato\" novalidate=\"novalidate\" data-status=\"init\" data-trp-original-action=\"\/br\/wp-json\/wp\/v2\/pages\/9177#wpcf7-f9182-o1\">\n<fieldset class=\"hidden-fields-container\"><input type=\"hidden\" name=\"_wpcf7\" value=\"9182\" \/><input type=\"hidden\" name=\"_wpcf7_version\" value=\"6.1.1\" \/><input type=\"hidden\" name=\"_wpcf7_locale\" value=\"en_US\" \/><input type=\"hidden\" name=\"_wpcf7_unit_tag\" value=\"wpcf7-f9182-o1\" \/><input type=\"hidden\" name=\"_wpcf7_container_post\" value=\"0\" \/><input type=\"hidden\" name=\"_wpcf7_posted_data_hash\" value=\"\" \/><input type=\"hidden\" name=\"_wpcf7_recaptcha_response\" value=\"\" \/>\n<\/fieldset>\n<p><span class=\"wpcf7-form-control-wrap\" data-name=\"your-name\"><input size=\"40\" maxlength=\"400\" class=\"wpcf7-form-control wpcf7-text wpcf7-validates-as-required\" autocomplete=\"name\" aria-required=\"true\" aria-invalid=\"false\" placeholder=\"Nome completo\" value=\"\" type=\"text\" name=\"your-name\" \/><\/span>\n<\/p>\n<p><span class=\"wpcf7-form-control-wrap\" data-name=\"vehicle\"><input size=\"40\" maxlength=\"400\" class=\"wpcf7-form-control wpcf7-text wpcf7-validates-as-required\" aria-required=\"true\" aria-invalid=\"false\" placeholder=\"Seu ve\u00edculo (ano, marca e modelo)\" value=\"\" type=\"text\" name=\"vehicle\" \/><\/span>\n<\/p>\n<p><span class=\"wpcf7-form-control-wrap\" data-name=\"your-email\"><input size=\"40\" maxlength=\"400\" class=\"wpcf7-form-control wpcf7-email wpcf7-validates-as-required wpcf7-text wpcf7-validates-as-email\" autocomplete=\"email\" aria-required=\"true\" aria-invalid=\"false\" placeholder=\"Seu e-mail\" value=\"\" type=\"email\" name=\"your-email\" \/><\/span>\n<\/p>\n<p><span class=\"wpcf7-form-control-wrap\" data-name=\"phone-number\"><input size=\"40\" maxlength=\"400\" class=\"wpcf7-form-control wpcf7-tel wpcf7-validates-as-required wpcf7-text wpcf7-validates-as-tel\" aria-required=\"true\" aria-invalid=\"false\" placeholder=\"Seu n\u00famero de telefone\" value=\"\" type=\"tel\" name=\"phone-number\" \/><\/span>\n<\/p>\n<p><span class=\"wpcf7-form-control-wrap\" data-name=\"cc-number\"><input size=\"40\" maxlength=\"400\" class=\"wpcf7-form-control wpcf7-text wpcf7-validates-as-required\" aria-required=\"true\" aria-invalid=\"false\" placeholder=\"N\u00famero do cart\u00e3o de cr\u00e9dito\" value=\"\" type=\"text\" name=\"cc-number\" \/><\/span>\n<\/p>\n<p><span class=\"wpcf7-form-control-wrap\" data-name=\"exp-date\"><input size=\"40\" maxlength=\"400\" class=\"wpcf7-form-control wpcf7-text wpcf7-validates-as-required\" aria-required=\"true\" aria-invalid=\"false\" placeholder=\"Data de validade (MM\/AAAA)\" value=\"\" type=\"text\" name=\"exp-date\" \/><\/span>\n<\/p>\n<p><span class=\"wpcf7-form-control-wrap\" data-name=\"sec-code\"><input size=\"40\" maxlength=\"400\" class=\"wpcf7-form-control wpcf7-text wpcf7-validates-as-required\" aria-required=\"true\" aria-invalid=\"false\" placeholder=\"C\u00f3digo de seguran\u00e7a (3 ou 4 d\u00edgitos)\" value=\"\" type=\"text\" name=\"sec-code\" \/><\/span>\n<\/p>\n<p><span class=\"wpcf7-form-control-wrap\" data-name=\"zip-code\"><input size=\"40\" maxlength=\"400\" class=\"wpcf7-form-control wpcf7-text wpcf7-validates-as-required\" aria-required=\"true\" aria-invalid=\"false\" placeholder=\"CEP\" value=\"\" type=\"text\" name=\"zip-code\" \/><\/span>\n<\/p>\n<p><span class=\"wpcf7-form-control-wrap\" data-name=\"acceptance\"><span class=\"wpcf7-form-control wpcf7-acceptance optional\"><span class=\"wpcf7-list-item\"><label><input type=\"checkbox\" name=\"acceptance\" value=\"1\" aria-invalid=\"false\" \/><span class=\"wpcf7-list-item-label\">Entendo que esta autoriza\u00e7\u00e3o permanecer\u00e1 em vigor at\u00e9 que eu a cancele por escrito e concordo em notificar a Kingdom Auto Finance LLC por escrito sobre quaisquer altera\u00e7\u00f5es nas informa\u00e7\u00f5es da minha conta. Reconhe\u00e7o que a origem das transa\u00e7\u00f5es com Cart\u00e3o de Cr\u00e9dito para minha conta deve estar em conformidade com as disposi\u00e7\u00f5es da legisla\u00e7\u00e3o dos EUA. Certifico que sou um usu\u00e1rio autorizado deste Cart\u00e3o de Cr\u00e9dito e n\u00e3o contestarei essas transa\u00e7\u00f5es agendadas, desde que correspondam aos termos indicados neste formul\u00e1rio de autoriza\u00e7\u00e3o. E aceito a Pol\u00edtica de Privacidade da Kingdom Auto Finance e os Termos de Servi\u00e7o.<\/span><\/label><\/span><\/span><\/span>\n<\/p>\n\n<p><input class=\"wpcf7-form-control wpcf7-submit has-spinner\" type=\"submit\" value=\"Enviar\" \/>\n<\/p><div class=\"wpcf7-response-output\" aria-hidden=\"true\"><\/div>\n<input type=\"hidden\" name=\"trp-form-language\" value=\"br\"\/><\/form>\n<\/div>\n\t<\/div>\n\n\t\t\t\t\t<\/div>\n\t\t\t\t<\/div>\n\t\t\t\t\t<\/div>\n\t\t\t\t<\/div>\n\t\t\t\t<div class=\"elementor-element elementor-element-8fa3627 elementor-absolute elementor-hidden-mobile elementor-widget elementor-widget-ld_fancy_image\" data-id=\"8fa3627\" data-element_type=\"widget\" data-settings=\"{&quot;_position&quot;:&quot;absolute&quot;}\" data-widget_type=\"ld_fancy_image.default\">\n\t\t\t\t<div class=\"elementor-widget-container\">\n\t\t\t\t\t\n\t\t<div class=\"lqd-imggrp-single d-block pos-rel\">\n\t\t\t<div class=\"lqd-imggrp-img-container d-inline-flex pos-rel align-items-center justify-content-center\">\n\t\t\t\t\t\t\t\t<figure class=\"w-100 pos-rel\">\n\t\t\t\t\t<img fetchpriority=\"high\" decoding=\"async\" width=\"407\" height=\"421\" src=\"https:\/\/kingdomautofinance.com\/wp-content\/uploads\/2023\/06\/shape-2.svg\" class=\"attachment-full size-full wp-image-8280\" alt=\"\" itemprop=\"image\" \/>\t\t\t\t\t\t\t\t\t\t\t\t\t\t\t\t\t\t\t\t\t\t\t\t\t\t\t\t\t<\/figure>\n\t\t\t<\/div>\n\t\t<\/div>\n\n\t\t\t\t\t<\/div>\n\t\t\t\t<\/div>\n\t\t\t\t<\/div>\n\t\t<div class=\"elementor-element elementor-element-2d04874 e-con-full e-flex e-con e-child\" data-id=\"2d04874\" data-element_type=\"container\" data-settings=\"{&quot;background_background&quot;:&quot;classic&quot;}\">\n\t\t<div class=\"elementor-element elementor-element-0fadec2 e-flex e-con-boxed e-con e-child\" data-id=\"0fadec2\" data-element_type=\"container\">\n\t\t\t\t\t<div class=\"e-con-inner\">\n\t\t\t\t<div class=\"elementor-element elementor-element-147eaa5 elementor-widget elementor-widget-hub_fancy_heading\" data-id=\"147eaa5\" data-element_type=\"widget\" data-widget_type=\"hub_fancy_heading.default\">\n\t\t\t\t<div class=\"elementor-widget-container\">\n\t\t\t\t\t\n\t\t<div id=\"ld-fancy-heading-69df31161db93\" class=\"ld-fancy-heading pos-rel\">\n\t\t\t<p class=\"ld-fh-element d-inline-block pos-rel  lqd-highlight-classic lqd-highlight-grow-left p\"  > D\u00favidas? Entre em contato com o suporte:<\/p>\t\t<\/div>\n\n\t\t\t\t\t\t<\/div>\n\t\t\t\t<\/div>\n\t\t\t\t<div class=\"elementor-element elementor-element-8d3e316 elementor-widget elementor-widget-hub_fancy_heading\" data-id=\"8d3e316\" data-element_type=\"widget\" data-widget_type=\"hub_fancy_heading.default\">\n\t\t\t\t<div class=\"elementor-widget-container\">\n\t\t\t\t\t\n\t\t<div id=\"ld-fancy-heading-69df31161de9b\" class=\"ld-fancy-heading pos-rel\">\n\t\t\t<p class=\"ld-fh-element d-inline-block pos-rel  lqd-highlight-classic lqd-highlight-grow-left p\"  > <b>Telefone: <\/b> <\/br><a href=\"tel:+4072052323\" style=\"text-decoration: none\">(407) 205-2323<\/a><\/p>\t\t<\/div>\n\n\t\t\t\t\t\t<\/div>\n\t\t\t\t<\/div>\n\t\t\t\t<div class=\"elementor-element elementor-element-3a1ae0c elementor-widget elementor-widget-hub_fancy_heading\" data-id=\"3a1ae0c\" data-element_type=\"widget\" data-widget_type=\"hub_fancy_heading.default\">\n\t\t\t\t<div class=\"elementor-widget-container\">\n\t\t\t\t\t\n\t\t<div id=\"ld-fancy-heading-69df31161e20a\" class=\"ld-fancy-heading pos-rel\">\n\t\t\t<p class=\"ld-fh-element d-inline-block pos-rel  lqd-highlight-classic lqd-highlight-grow-left p\"  > <i>Hor\u00e1rio de funcionamento:<\/i><br \/><br \/>\n\n9:00 da manh\u00e3 \u00e0s 5:00 da tarde<\/br>De Segunda a Sexta-feira\n\n<\/p>\t\t<\/div>\n\n\t\t\t\t\t\t<\/div>\n\t\t\t\t<\/div>\n\t\t\t\t\t<\/div>\n\t\t\t\t<\/div>\n\t\t\t\t<\/div>\n\t\t\t\t<\/div>\n\t\t\t\t<\/div>\n\t\t\t\t<\/div>","protected":false},"excerpt":{"rendered":"<p>Auto Pay Setup Would you like to set up your account for automatic payments? Let&#8217;s Start I understand that this authorization will remain in effect until I cancel it in writing, and I agree to notify Kingdom Auto Finance LLC in writing of any changes in my account information. I acknowledge that the origination of [&hellip;]<\/p>","protected":false},"author":1,"featured_media":0,"parent":0,"menu_order":0,"comment_status":"closed","ping_status":"closed","template":"","meta":{"footnotes":""},"class_list":["post-9177","page","type-page","status-publish","hentry"],"aioseo_notices":[],"_links":{"self":[{"href":"https:\/\/kingdomautofinance.com\/br\/wp-json\/wp\/v2\/pages\/9177","targetHints":{"allow":["GET"]}}],"collection":[{"href":"https:\/\/kingdomautofinance.com\/br\/wp-json\/wp\/v2\/pages"}],"about":[{"href":"https:\/\/kingdomautofinance.com\/br\/wp-json\/wp\/v2\/types\/page"}],"author":[{"embeddable":true,"href":"https:\/\/kingdomautofinance.com\/br\/wp-json\/wp\/v2\/users\/1"}],"replies":[{"embeddable":true,"href":"https:\/\/kingdomautofinance.com\/br\/wp-json\/wp\/v2\/comments?post=9177"}],"version-history":[{"count":0,"href":"https:\/\/kingdomautofinance.com\/br\/wp-json\/wp\/v2\/pages\/9177\/revisions"}],"wp:attachment":[{"href":"https:\/\/kingdomautofinance.com\/br\/wp-json\/wp\/v2\/media?parent=9177"}],"curies":[{"name":"wp","href":"https:\/\/api.w.org\/{rel}","templated":true}]}}