{"id":8815,"date":"2023-09-19T22:09:14","date_gmt":"2023-09-19T22:09:14","guid":{"rendered":"https:\/\/kingdomautofinance.com\/?page_id=8815"},"modified":"2023-12-26T16:40:27","modified_gmt":"2023-12-26T16:40:27","slug":"details-brazil","status":"publish","type":"page","link":"https:\/\/kingdomautofinance.com\/br\/investors-login\/details-brazil\/","title":{"rendered":"Detalhes Brasil"},"content":{"rendered":"<div data-elementor-type=\"wp-page\" data-elementor-id=\"8815\" class=\"elementor elementor-8815\">\n\t\t\t\t<div class=\"elementor-element elementor-element-2f3c2cf e-con-full e-flex e-con e-parent\" data-id=\"2f3c2cf\" data-element_type=\"container\">\n\t\t<div class=\"elementor-element elementor-element-b14e662 e-con-full elementor-hidden-tablet elementor-hidden-mobile e-flex e-con e-child\" data-id=\"b14e662\" data-element_type=\"container\" data-settings=\"{&quot;background_background&quot;:&quot;classic&quot;}\">\n\t\t\t\t<div class=\"elementor-element elementor-element-439ee7a elementor-widget elementor-widget-hub_fancy_heading\" data-id=\"439ee7a\" data-element_type=\"widget\" data-widget_type=\"hub_fancy_heading.default\">\n\t\t\t\t<div class=\"elementor-widget-container\">\n\t\t\t\t\t\n\t\t<div id=\"ld-fancy-heading-69f42b16e5173\" class=\"ld-fancy-heading pos-rel\">\n\t\t\t<h1 class=\"ld-fh-element d-inline-block pos-rel  elementor-heading-title ld-gradient-heading lqd-highlight-classic lqd-highlight-grow-left h1\"  > Prepare-se!<\/h1>\t\t<\/div>\n\n\t\t\t\t\t\t<\/div>\n\t\t\t\t<\/div>\n\t\t\t\t<div class=\"elementor-element elementor-element-8ef7e9e elementor-widget elementor-widget-hub_fancy_heading\" data-id=\"8ef7e9e\" data-element_type=\"widget\" data-widget_type=\"hub_fancy_heading.default\">\n\t\t\t\t<div class=\"elementor-widget-container\">\n\t\t\t\t\t\n\t\t<div id=\"ld-fancy-heading-69f42b16e5514\" class=\"ld-fancy-heading pos-rel\">\n\t\t\t<h2 class=\"ld-fh-element d-inline-block pos-rel  elementor-heading-title ld-gradient-heading lqd-highlight-classic lqd-highlight-grow-left h2\"  > N\u00f3s encheremos seu tanque e encheremos seus bolsos.<\/h2>\t\t<\/div>\n\n\t\t\t\t\t\t<\/div>\n\t\t\t\t<\/div>\n\t\t\t\t<\/div>\n\t\t<div class=\"elementor-element elementor-element-f0824cd e-con-full e-flex e-con e-child\" data-id=\"f0824cd\" data-element_type=\"container\" data-settings=\"{&quot;background_background&quot;:&quot;classic&quot;}\">\n\t\t\t\t<div class=\"elementor-element elementor-element-9bc26cd elementor-hidden-desktop elementor-hidden-tablet elementor-widget elementor-widget-hub_fancy_heading\" data-id=\"9bc26cd\" data-element_type=\"widget\" data-widget_type=\"hub_fancy_heading.default\">\n\t\t\t\t<div class=\"elementor-widget-container\">\n\t\t\t\t\t\n\t\t<div id=\"ld-fancy-heading-69f42b16e580d\" class=\"ld-fancy-heading pos-rel\">\n\t\t\t<h1 class=\"ld-fh-element d-inline-block pos-rel  elementor-heading-title ld-gradient-heading lqd-highlight-classic lqd-highlight-grow-left h1\"  > Prepare-se!<\/h1>\t\t<\/div>\n\n\t\t\t\t\t\t<\/div>\n\t\t\t\t<\/div>\n\t\t\t\t<div class=\"elementor-element elementor-element-8fd0b65 elementor-hidden-desktop elementor-hidden-tablet elementor-widget elementor-widget-hub_fancy_heading\" data-id=\"8fd0b65\" data-element_type=\"widget\" data-widget_type=\"hub_fancy_heading.default\">\n\t\t\t\t<div class=\"elementor-widget-container\">\n\t\t\t\t\t\n\t\t<div id=\"ld-fancy-heading-69f42b16e5bf7\" class=\"ld-fancy-heading pos-rel\">\n\t\t\t<h2 class=\"ld-fh-element d-inline-block pos-rel  elementor-heading-title ld-gradient-heading lqd-highlight-classic lqd-highlight-grow-left h2\"  > N\u00f3s encheremos seu tanque e encheremos seus bolsos.<\/h2>\t\t<\/div>\n\n\t\t\t\t\t\t<\/div>\n\t\t\t\t<\/div>\n\t\t\t\t<div class=\"elementor-element elementor-element-0e6389e elementor-widget elementor-widget-hub_fancy_heading\" data-id=\"0e6389e\" data-element_type=\"widget\" data-widget_type=\"hub_fancy_heading.default\">\n\t\t\t\t<div class=\"elementor-widget-container\">\n\t\t\t\t\t\n\t\t<div id=\"ld-fancy-heading-69f42b16e5ee6\" class=\"ld-fancy-heading pos-rel\">\n\t\t\t<p class=\"ld-fh-element d-inline-block pos-rel  ld-gradient-heading lqd-highlight-classic lqd-highlight-grow-left p\"  > Por favor, insira seus dados.<\/p>\t\t<\/div>\n\n\t\t\t\t\t\t<\/div>\n\t\t\t\t<\/div>\n\t\t\t\t<div class=\"elementor-element elementor-element-c358ed5 elementor-widget elementor-widget-wpforms\" data-id=\"c358ed5\" data-element_type=\"widget\" data-widget_type=\"wpforms.default\">\n\t\t\t\t<div class=\"elementor-widget-container\">\n\t\t\t\t\t<style id=\"wpforms-css-vars-root\">\n\t\t\t\t:root {\n\t\t\t\t\t--wpforms-field-border-radius: 3px;\n--wpforms-field-background-color: #ffffff;\n--wpforms-field-border-color: rgba( 0, 0, 0, 0.25 );\n--wpforms-field-text-color: rgba( 0, 0, 0, 0.7 );\n--wpforms-label-color: rgba( 0, 0, 0, 0.85 );\n--wpforms-label-sublabel-color: rgba( 0, 0, 0, 0.55 );\n--wpforms-label-error-color: #d63637;\n--wpforms-button-border-radius: 3px;\n--wpforms-button-background-color: #066aab;\n--wpforms-button-text-color: #ffffff;\n--wpforms-field-size-input-height: 43px;\n--wpforms-field-size-input-spacing: 15px;\n--wpforms-field-size-font-size: 16px;\n--wpforms-field-size-line-height: 19px;\n--wpforms-field-size-padding-h: 14px;\n--wpforms-field-size-checkbox-size: 16px;\n--wpforms-field-size-sublabel-spacing: 5px;\n--wpforms-field-size-icon-size: 1;\n--wpforms-label-size-font-size: 16px;\n--wpforms-label-size-line-height: 19px;\n--wpforms-label-size-sublabel-font-size: 14px;\n--wpforms-label-size-sublabel-line-height: 17px;\n--wpforms-button-size-font-size: 17px;\n--wpforms-button-size-height: 41px;\n--wpforms-button-size-padding-h: 15px;\n--wpforms-button-size-margin-top: 10px;\n\n\t\t\t\t}\n\t\t\t<\/style><style id=\"wpforms-css-vars-elementor-widget-c358ed5\">\n\t\t\t\t.elementor-widget-wpforms.elementor-element-c358ed5 {\n\t\t\t\t\t--wpforms-field-size-input-height: 43px;\n--wpforms-field-size-input-spacing: 15px;\n--wpforms-field-size-font-size: 16px;\n--wpforms-field-size-line-height: 19px;\n--wpforms-field-size-padding-h: 14px;\n--wpforms-field-size-checkbox-size: 16px;\n--wpforms-field-size-sublabel-spacing: 5px;\n--wpforms-field-size-icon-size: 1;\n--wpforms-label-size-font-size: 16px;\n--wpforms-label-size-line-height: 19px;\n--wpforms-label-size-sublabel-font-size: 14px;\n--wpforms-label-size-sublabel-line-height: 17px;\n--wpforms-button-size-font-size: 17px;\n--wpforms-button-size-height: 41px;\n--wpforms-button-size-padding-h: 15px;\n--wpforms-button-size-margin-top: 10px;\n\n\t\t\t\t}\n\t\t\t<\/style><div class=\"wpforms-container wpforms-container-full wpforms-render-modern\" id=\"wpforms-8817\"><form id=\"wpforms-form-8817\" class=\"wpforms-validate wpforms-form wpforms-ajax-form\" data-formid=\"8817\" method=\"post\" enctype=\"multipart\/form-data\" action=\"\/br\/wp-json\/wp\/v2\/pages\/8815\" data-token=\"50e3856a5acb6638083804504d97cf95\" data-trp-original-action=\"\/br\/wp-json\/wp\/v2\/pages\/8815\"><noscript class=\"wpforms-error-noscript\">Ativo o JavaScript no seu navegador para preencher este formul\u00e1rio.<\/noscript><div class=\"wpforms-hidden\" id=\"wpforms-error-noscript\">Ativo o JavaScript no seu navegador para preencher este formul\u00e1rio.<\/div><div class=\"wpforms-field-container\"><div id=\"wpforms-8817-field_0-container\" class=\"wpforms-field wpforms-field-name\" data-field-id=\"0\"><label class=\"wpforms-field-label wpforms-label-hide\" for=\"wpforms-8817-field_0\" aria-hidden=\"false\">Primeiro nome<\/label><input type=\"text\" id=\"wpforms-8817-field_0\" class=\"wpforms-field-large\" name=\"wpforms[fields][0]\" placeholder=\"Primeiro nome\" aria-errormessage=\"wpforms-8817-field_0-error\" ><\/div><div id=\"wpforms-8817-field_10-container\" class=\"wpforms-field wpforms-field-name\" data-field-id=\"10\"><label class=\"wpforms-field-label wpforms-label-hide\" for=\"wpforms-8817-field_10\" aria-hidden=\"false\">Sobrenome<\/label><input type=\"text\" id=\"wpforms-8817-field_10\" class=\"wpforms-field-large\" name=\"wpforms[fields][10]\" placeholder=\"Sobrenome\" aria-errormessage=\"wpforms-8817-field_10-error\" ><\/div><div id=\"wpforms-8817-field_1-container\" class=\"wpforms-field wpforms-field-email\" data-field-id=\"1\"><label class=\"wpforms-field-label wpforms-label-hide\" for=\"wpforms-8817-field_1\" aria-hidden=\"false\">E-mail<\/label><input type=\"email\" id=\"wpforms-8817-field_1\" class=\"wpforms-field-large\" name=\"wpforms[fields][1]\" placeholder=\"E-mail\" spellcheck=\"false\" aria-errormessage=\"wpforms-8817-field_1-error\" ><\/div><div id=\"wpforms-8817-field_17-container\" class=\"wpforms-field wpforms-field-text\" data-field-id=\"17\"><label class=\"wpforms-field-label wpforms-label-hide\" for=\"wpforms-8817-field_17\" aria-hidden=\"false\">N\u00famero de telefone<\/label><input type=\"text\" id=\"wpforms-8817-field_17\" class=\"wpforms-field-large\" name=\"wpforms[fields][17]\" placeholder=\"N\u00famero de telefone\" aria-errormessage=\"wpforms-8817-field_17-error\" ><\/div><div id=\"wpforms-8817-field_22-container\" class=\"wpforms-field wpforms-field-number\" data-field-id=\"22\"><label class=\"wpforms-field-label wpforms-label-hide\" for=\"wpforms-8817-field_22\" aria-hidden=\"false\">CPF<\/label><input type=\"number\" pattern=\"\\d*\" id=\"wpforms-8817-field_22\" class=\"wpforms-field-large\" name=\"wpforms[fields][22]\" placeholder=\"CPF\" aria-errormessage=\"wpforms-8817-field_22-error\" ><\/div><div id=\"wpforms-8817-field_23-container\" class=\"wpforms-field wpforms-field-text\" data-field-id=\"23\"><label class=\"wpforms-field-label wpforms-label-hide\" for=\"wpforms-8817-field_23\" aria-hidden=\"false\">Endere\u00e7o<\/label><input type=\"text\" id=\"wpforms-8817-field_23\" class=\"wpforms-field-large\" name=\"wpforms[fields][23]\" placeholder=\"Endere\u00e7o\" aria-errormessage=\"wpforms-8817-field_23-error\" ><\/div><div id=\"wpforms-8817-field_26-container\" class=\"wpforms-field wpforms-field-text\" data-field-id=\"26\"><label class=\"wpforms-field-label wpforms-label-hide\" for=\"wpforms-8817-field_26\" aria-hidden=\"false\">N\u00famero<\/label><input type=\"text\" id=\"wpforms-8817-field_26\" class=\"wpforms-field-large\" name=\"wpforms[fields][26]\" placeholder=\"N\u00famero\" aria-errormessage=\"wpforms-8817-field_26-error\" ><\/div><div id=\"wpforms-8817-field_27-container\" class=\"wpforms-field wpforms-field-text\" data-field-id=\"27\"><label class=\"wpforms-field-label wpforms-label-hide\" for=\"wpforms-8817-field_27\" aria-hidden=\"false\">Vizinhan\u00e7a<\/label><input type=\"text\" id=\"wpforms-8817-field_27\" class=\"wpforms-field-large\" name=\"wpforms[fields][27]\" placeholder=\"Vizinhan\u00e7a\" aria-errormessage=\"wpforms-8817-field_27-error\" ><\/div><div id=\"wpforms-8817-field_28-container\" class=\"wpforms-field wpforms-field-text\" data-field-id=\"28\"><label class=\"wpforms-field-label wpforms-label-hide\" for=\"wpforms-8817-field_28\" aria-hidden=\"false\">Cidade<\/label><input type=\"text\" id=\"wpforms-8817-field_28\" class=\"wpforms-field-large\" name=\"wpforms[fields][28]\" placeholder=\"Cidade\" aria-errormessage=\"wpforms-8817-field_28-error\" ><\/div><div id=\"wpforms-8817-field_29-container\" class=\"wpforms-field wpforms-field-text\" data-field-id=\"29\"><label class=\"wpforms-field-label wpforms-label-hide\" for=\"wpforms-8817-field_29\" aria-hidden=\"false\">Estado<\/label><input type=\"text\" id=\"wpforms-8817-field_29\" class=\"wpforms-field-large\" name=\"wpforms[fields][29]\" placeholder=\"Estado\" aria-errormessage=\"wpforms-8817-field_29-error\" ><\/div><div id=\"wpforms-8817-field_24-container\" class=\"wpforms-field wpforms-field-number\" data-field-id=\"24\"><label class=\"wpforms-field-label wpforms-label-hide\" for=\"wpforms-8817-field_24\" aria-hidden=\"false\">CEP<\/label><input type=\"number\" pattern=\"\\d*\" id=\"wpforms-8817-field_24\" class=\"wpforms-field-large\" name=\"wpforms[fields][24]\" placeholder=\"CEP\" aria-errormessage=\"wpforms-8817-field_24-error\" ><\/div><\/div><!-- .wpforms-field-container --><div class=\"wpforms-submit-container\" ><input type=\"hidden\" name=\"wpforms[id]\" value=\"8817\"><input type=\"hidden\" name=\"wpforms[author]\" value=\"1\"><button type=\"submit\" name=\"wpforms[submit]\" id=\"wpforms-submit-8817\" class=\"wpforms-submit\" aria-live=\"assertive\" value=\"wpforms-submit\">Pr\u00f3ximo<\/button><img decoding=\"async\" src=\"https:\/\/kingdomautofinance.com\/wp-content\/plugins\/wpforms\/assets\/images\/submit-spin.svg\" class=\"wpforms-submit-spinner\" style=\"display: none;\" width=\"26\" height=\"26\" alt=\"Carregando\"><\/div><input type=\"hidden\" name=\"trp-form-language\" value=\"br\"\/><\/form><\/div>  <!-- .wpforms-container -->\t\t\t\t<\/div>\n\t\t\t\t<\/div>\n\t\t\t\t<\/div>\n\t\t\t\t<\/div>\n\t\t\t\t<\/div>","protected":false},"excerpt":{"rendered":"<p>Prepare-se! Vamos encher o seu tanque e encher os seus bolsos. Prepare-se! Vamos encher o seu tanque e encher os seus bolsos. Insira os seus dados. Ative o JavaScript no seu navegador para preencher este formul\u00e1rio. Ative o JavaScript no seu navegador para preencher este formul\u00e1rio. Nome Sobrenome E-mail Telefone CPF Endere\u00e7o Nome Sobrenome Cidade \/ Estado Nome Sobrenome CEP [\u2026]<\/p>","protected":false},"author":1,"featured_media":0,"parent":8459,"menu_order":0,"comment_status":"closed","ping_status":"closed","template":"","meta":{"footnotes":""},"class_list":["post-8815","page","type-page","status-publish","hentry"],"aioseo_notices":[],"_links":{"self":[{"href":"https:\/\/kingdomautofinance.com\/br\/wp-json\/wp\/v2\/pages\/8815","targetHints":{"allow":["GET"]}}],"collection":[{"href":"https:\/\/kingdomautofinance.com\/br\/wp-json\/wp\/v2\/pages"}],"about":[{"href":"https:\/\/kingdomautofinance.com\/br\/wp-json\/wp\/v2\/types\/page"}],"author":[{"embeddable":true,"href":"https:\/\/kingdomautofinance.com\/br\/wp-json\/wp\/v2\/users\/1"}],"replies":[{"embeddable":true,"href":"https:\/\/kingdomautofinance.com\/br\/wp-json\/wp\/v2\/comments?post=8815"}],"version-history":[{"count":0,"href":"https:\/\/kingdomautofinance.com\/br\/wp-json\/wp\/v2\/pages\/8815\/revisions"}],"up":[{"embeddable":true,"href":"https:\/\/kingdomautofinance.com\/br\/wp-json\/wp\/v2\/pages\/8459"}],"wp:attachment":[{"href":"https:\/\/kingdomautofinance.com\/br\/wp-json\/wp\/v2\/media?parent=8815"}],"curies":[{"name":"wp","href":"https:\/\/api.w.org\/{rel}","templated":true}]}}