{"id":8759,"date":"2023-09-19T19:09:53","date_gmt":"2023-09-19T19:09:53","guid":{"rendered":"https:\/\/kingdomautofinance.com\/?page_id=8759"},"modified":"2023-09-19T22:17:50","modified_gmt":"2023-09-19T22:17:50","slug":"inactive-account","status":"publish","type":"page","link":"https:\/\/kingdomautofinance.com\/br\/investors-login\/inactive-account\/","title":{"rendered":"Conta inativa"},"content":{"rendered":"<div data-elementor-type=\"wp-page\" data-elementor-id=\"8759\" class=\"elementor elementor-8759\">\n\t\t\t\t<div class=\"elementor-element elementor-element-2f3c2cf e-con-full e-flex e-con e-parent\" data-id=\"2f3c2cf\" data-element_type=\"container\">\n\t\t<div class=\"elementor-element elementor-element-b14e662 e-con-full elementor-hidden-tablet elementor-hidden-mobile e-flex e-con e-child\" data-id=\"b14e662\" data-element_type=\"container\" data-settings=\"{&quot;background_background&quot;:&quot;classic&quot;}\">\n\t\t\t\t<div class=\"elementor-element elementor-element-eaf03eb elementor-widget elementor-widget-image\" data-id=\"eaf03eb\" data-element_type=\"widget\" data-widget_type=\"image.default\">\n\t\t\t\t<div class=\"elementor-widget-container\">\n\t\t\t\t\t\t\t\t\t\t\t\t\t\t\t<img fetchpriority=\"high\" decoding=\"async\" width=\"412\" height=\"398\" src=\"https:\/\/kingdomautofinance.com\/wp-content\/uploads\/2023\/09\/Broken-Car.png\" class=\"attachment-full size-full wp-image-8796\" alt=\"\" srcset=\"https:\/\/kingdomautofinance.com\/wp-content\/uploads\/2023\/09\/Broken-Car.png 412w, https:\/\/kingdomautofinance.com\/wp-content\/uploads\/2023\/09\/Broken-Car-300x290.png 300w, https:\/\/kingdomautofinance.com\/wp-content\/uploads\/2023\/09\/Broken-Car-12x12.png 12w\" sizes=\"(max-width: 412px) 100vw, 412px\" \/>\t\t\t\t\t\t\t\t\t\t\t\t\t\t\t<\/div>\n\t\t\t\t<\/div>\n\t\t\t\t<\/div>\n\t\t<div class=\"elementor-element elementor-element-f0824cd e-con-full e-flex e-con e-child\" data-id=\"f0824cd\" data-element_type=\"container\" data-settings=\"{&quot;background_background&quot;:&quot;classic&quot;}\">\n\t\t\t\t<div class=\"elementor-element elementor-element-39e0650 elementor-hidden-desktop elementor-hidden-tablet elementor-widget elementor-widget-image\" data-id=\"39e0650\" data-element_type=\"widget\" data-widget_type=\"image.default\">\n\t\t\t\t<div class=\"elementor-widget-container\">\n\t\t\t\t\t\t\t\t\t\t\t\t\t\t\t<img decoding=\"async\" width=\"412\" height=\"398\" src=\"data:image\/svg+xml;charset=utf-8,%3Csvg xmlns%3D&#039;http%3A%2F%2Fwww.w3.org%2F2000%2Fsvg&#039; viewBox%3D&#039;0 0 412 398&#039;%2F%3E\" class=\"attachment-full size-full wp-image-8796 ld-lazyload\" alt=\"\" data-src=\"https:\/\/kingdomautofinance.com\/wp-content\/uploads\/2023\/09\/Broken-Car.png\" data-srcset=\"https:\/\/kingdomautofinance.com\/wp-content\/uploads\/2023\/09\/Broken-Car.png 412w, https:\/\/kingdomautofinance.com\/wp-content\/uploads\/2023\/09\/Broken-Car-300x290.png 300w, https:\/\/kingdomautofinance.com\/wp-content\/uploads\/2023\/09\/Broken-Car-12x12.png 12w\" data-sizes=\"(max-width: 412px) 100vw, 412px\" data-aspect=\"1.035175879397\" \/>\t\t\t\t\t\t\t\t\t\t\t\t\t\t\t<\/div>\n\t\t\t\t<\/div>\n\t\t\t\t<div class=\"elementor-element elementor-element-9bc26cd elementor-widget elementor-widget-hub_fancy_heading\" data-id=\"9bc26cd\" data-element_type=\"widget\" data-widget_type=\"hub_fancy_heading.default\">\n\t\t\t\t<div class=\"elementor-widget-container\">\n\t\t\t\t\t\n\t\t<div id=\"ld-fancy-heading-69f4e302a0e85\" class=\"ld-fancy-heading pos-rel\">\n\t\t\t<h1 class=\"ld-fh-element d-inline-block pos-rel  elementor-heading-title ld-gradient-heading lqd-highlight-classic lqd-highlight-grow-left h1\"  > Est\u00e1 na hora de trocar o \u00f3leo.<\/h1>\t\t<\/div>\n\n\t\t\t\t\t\t<\/div>\n\t\t\t\t<\/div>\n\t\t\t\t<div class=\"elementor-element elementor-element-8fd0b65 elementor-widget elementor-widget-hub_fancy_heading\" data-id=\"8fd0b65\" data-element_type=\"widget\" data-widget_type=\"hub_fancy_heading.default\">\n\t\t\t\t<div class=\"elementor-widget-container\">\n\t\t\t\t\t\n\t\t<div id=\"ld-fancy-heading-69f4e302a11e7\" class=\"ld-fancy-heading pos-rel\">\n\t\t\t<h2 class=\"ld-fh-element d-inline-block pos-rel  elementor-heading-title ld-gradient-heading lqd-highlight-classic lqd-highlight-grow-left h2\"  > Por algum motivo, n\u00e3o conseguimos acessar sua conta.<\/br><\/br>\n\nEntre em contato com nossa equipe de relacionamento com investidores para que possamos retomar o neg\u00f3cio imediatamente.<\/h2>\t\t<\/div>\n\n\t\t\t\t\t\t<\/div>\n\t\t\t\t<\/div>\n\t\t\t\t<div class=\"elementor-element elementor-element-b3c00a8 elementor-align-center elementor-widget elementor-widget-ld_button\" data-id=\"b3c00a8\" data-element_type=\"widget\" data-widget_type=\"ld_button.default\">\n\t\t\t\t<div class=\"elementor-widget-container\">\n\t\t\t\t\t\n\t\t\t<a\n\t\t\t\thref=\"https:\/\/kingdomautofinance.com\/br\/contact-us\/#contact-form\"class=\"elementor-button btn btn-solid btn-icon-shaped btn-has-label\"\t\t\t>\n\t\t\t\t\t\t\t\t\t<span data-text=\"Send a Message\" class=\"btn-txt\">\n\t\t\t\t\t\tEnviar uma mensagem\t\t\t\t\t<\/span>\n\t\t\t\t\t\t\t\t\t\t\t<\/a>\n\t\t\t\t\t\t\t<\/div>\n\t\t\t\t<\/div>\n\t\t\t\t<\/div>\n\t\t\t\t<\/div>\n\t\t\t\t<\/div>","protected":false},"excerpt":{"rendered":"<p>\u00c9 hora de trocar o \u00f3leo. Por algum motivo, n\u00e3o conseguimos acessar sua conta. Entre em contato com nossa equipe de relacionamento com investidores para que possamos retomar as atividades imediatamente. Enviar uma mensagem<\/p>","protected":false},"author":1,"featured_media":0,"parent":8459,"menu_order":0,"comment_status":"closed","ping_status":"closed","template":"","meta":{"footnotes":""},"class_list":["post-8759","page","type-page","status-publish","hentry"],"aioseo_notices":[],"_links":{"self":[{"href":"https:\/\/kingdomautofinance.com\/br\/wp-json\/wp\/v2\/pages\/8759","targetHints":{"allow":["GET"]}}],"collection":[{"href":"https:\/\/kingdomautofinance.com\/br\/wp-json\/wp\/v2\/pages"}],"about":[{"href":"https:\/\/kingdomautofinance.com\/br\/wp-json\/wp\/v2\/types\/page"}],"author":[{"embeddable":true,"href":"https:\/\/kingdomautofinance.com\/br\/wp-json\/wp\/v2\/users\/1"}],"replies":[{"embeddable":true,"href":"https:\/\/kingdomautofinance.com\/br\/wp-json\/wp\/v2\/comments?post=8759"}],"version-history":[{"count":0,"href":"https:\/\/kingdomautofinance.com\/br\/wp-json\/wp\/v2\/pages\/8759\/revisions"}],"up":[{"embeddable":true,"href":"https:\/\/kingdomautofinance.com\/br\/wp-json\/wp\/v2\/pages\/8459"}],"wp:attachment":[{"href":"https:\/\/kingdomautofinance.com\/br\/wp-json\/wp\/v2\/media?parent=8759"}],"curies":[{"name":"wp","href":"https:\/\/api.w.org\/{rel}","templated":true}]}}