{"id":8724,"date":"2023-09-15T23:50:03","date_gmt":"2023-09-15T23:50:03","guid":{"rendered":"https:\/\/kingdomautofinance.com\/?page_id=8724"},"modified":"2024-03-21T15:09:45","modified_gmt":"2024-03-21T15:09:45","slug":"confirmation","status":"publish","type":"page","link":"https:\/\/kingdomautofinance.com\/br\/investors-login\/confirmation\/","title":{"rendered":"Confirmation"},"content":{"rendered":"<div data-elementor-type=\"wp-page\" data-elementor-id=\"8724\" class=\"elementor elementor-8724\">\n\t\t\t\t<div class=\"elementor-element elementor-element-2f3c2cf e-con-full e-flex e-con e-parent\" data-id=\"2f3c2cf\" data-element_type=\"container\">\n\t\t<div class=\"elementor-element elementor-element-b14e662 e-con-full elementor-hidden-tablet elementor-hidden-mobile e-flex e-con e-child\" data-id=\"b14e662\" data-element_type=\"container\" data-settings=\"{&quot;background_background&quot;:&quot;classic&quot;}\">\n\t\t\t\t<div class=\"elementor-element elementor-element-439ee7a elementor-widget elementor-widget-hub_fancy_heading\" data-id=\"439ee7a\" data-element_type=\"widget\" data-widget_type=\"hub_fancy_heading.default\">\n\t\t\t\t<div class=\"elementor-widget-container\">\n\t\t\t\t\t\n\t\t<div id=\"ld-fancy-heading-69f4fd2ff3d02\" class=\"ld-fancy-heading pos-rel\">\n\t\t\t<h1 class=\"ld-fh-element d-inline-block pos-rel  elementor-heading-title ld-gradient-heading lqd-highlight-classic lqd-highlight-grow-left h1\"  > Isso vai ficar s\u00e9rio.<\/h1>\t\t<\/div>\n\n\t\t\t\t\t\t<\/div>\n\t\t\t\t<\/div>\n\t\t\t\t<div class=\"elementor-element elementor-element-8ef7e9e elementor-widget elementor-widget-hub_fancy_heading\" data-id=\"8ef7e9e\" data-element_type=\"widget\" data-widget_type=\"hub_fancy_heading.default\">\n\t\t\t\t<div class=\"elementor-widget-container\">\n\t\t\t\t\t\n\t\t<div id=\"ld-fancy-heading-69f4fd2ff4153\" class=\"ld-fancy-heading pos-rel\">\n\t\t\t<h2 class=\"ld-fh-element d-inline-block pos-rel  elementor-heading-title ld-gradient-heading lqd-highlight-classic lqd-highlight-grow-left h2\"  > Obrigado por confiar em n\u00f3s.<\/h2>\t\t<\/div>\n\n\t\t\t\t\t\t<\/div>\n\t\t\t\t<\/div>\n\t\t\t\t<\/div>\n\t\t<div class=\"elementor-element elementor-element-f0824cd e-con-full e-flex e-con e-child\" data-id=\"f0824cd\" data-element_type=\"container\" data-settings=\"{&quot;background_background&quot;:&quot;classic&quot;}\">\n\t\t\t\t<div class=\"elementor-element elementor-element-9bc26cd elementor-hidden-desktop elementor-hidden-tablet elementor-widget elementor-widget-hub_fancy_heading\" data-id=\"9bc26cd\" data-element_type=\"widget\" data-widget_type=\"hub_fancy_heading.default\">\n\t\t\t\t<div class=\"elementor-widget-container\">\n\t\t\t\t\t\n\t\t<div id=\"ld-fancy-heading-69f4fd30001dd\" class=\"ld-fancy-heading pos-rel\">\n\t\t\t<h1 class=\"ld-fh-element d-inline-block pos-rel  elementor-heading-title ld-gradient-heading lqd-highlight-classic lqd-highlight-grow-left h1\"  > Isso vai ficar s\u00e9rio.<\/h1>\t\t<\/div>\n\n\t\t\t\t\t\t<\/div>\n\t\t\t\t<\/div>\n\t\t\t\t<div class=\"elementor-element elementor-element-8fd0b65 elementor-hidden-desktop elementor-hidden-tablet elementor-widget elementor-widget-hub_fancy_heading\" data-id=\"8fd0b65\" data-element_type=\"widget\" data-widget_type=\"hub_fancy_heading.default\">\n\t\t\t\t<div class=\"elementor-widget-container\">\n\t\t\t\t\t\n\t\t<div id=\"ld-fancy-heading-69f4fd300049f\" class=\"ld-fancy-heading pos-rel\">\n\t\t\t<h2 class=\"ld-fh-element d-inline-block pos-rel  elementor-heading-title ld-gradient-heading lqd-highlight-classic lqd-highlight-grow-left h2\"  > Obrigado por confiar em n\u00f3s.<\/h2>\t\t<\/div>\n\n\t\t\t\t\t\t<\/div>\n\t\t\t\t<\/div>\n\t\t\t\t<div class=\"elementor-element elementor-element-0e6389e elementor-widget elementor-widget-hub_fancy_heading\" data-id=\"0e6389e\" data-element_type=\"widget\" data-widget_type=\"hub_fancy_heading.default\">\n\t\t\t\t<div class=\"elementor-widget-container\">\n\t\t\t\t\t\n\t\t<div id=\"ld-fancy-heading-69f4fd300078c\" class=\"ld-fancy-heading pos-rel\">\n\t\t\t<p class=\"ld-fh-element d-inline-block pos-rel  ld-gradient-heading lqd-highlight-classic lqd-highlight-grow-left p\"  > Vamos assinar nosso contrato.<\/p>\t\t<\/div>\n\n\t\t\t\t\t\t<\/div>\n\t\t\t\t<\/div>\n\t\t\t\t<div class=\"elementor-element elementor-element-dfa5bc6 elementor-widget elementor-widget-hub_fancy_heading\" data-id=\"dfa5bc6\" data-element_type=\"widget\" data-widget_type=\"hub_fancy_heading.default\">\n\t\t\t\t<div class=\"elementor-widget-container\">\n\t\t\t\t\t\n\t\t<div id=\"ld-fancy-heading-69f4fd3000aa9\" class=\"ld-fancy-heading pos-rel\">\n\t\t\t<p class=\"ld-fh-element d-inline-block pos-rel  ld-gradient-heading lqd-highlight-classic lqd-highlight-grow-left p\"  > Por favor, leia e assine nosso acordo na pr\u00f3xima p\u00e1gina.<br><br>\n\nCaso voc\u00ea tenha alguma d\u00favida, nossa equipe de rela\u00e7\u00f5es com investidores est\u00e1 sempre dispon\u00edvel para ajudar voc\u00ea.<\/p>\t\t<\/div>\n\n\t\t\t\t\t\t<\/div>\n\t\t\t\t<\/div>\n\t\t\t\t<div class=\"elementor-element elementor-element-b3c00a8 elementor-align-center elementor-widget elementor-widget-ld_button\" data-id=\"b3c00a8\" data-element_type=\"widget\" data-widget_type=\"ld_button.default\">\n\t\t\t\t<div class=\"elementor-widget-container\">\n\t\t\t\t\t\n\t\t\t<a\n\t\t\t\thref=\"https:\/\/na4.documents.adobe.com\/public\/esignWidget?wid=CBFCIBAA3AAABLblqZhCg8ctZk-I2QHqmtiJojtL9P7OkCvyXh4Pocglj4OH--4AmC5lEtV6ZqvZ8YZEHnrc*\"class=\"elementor-button btn btn-solid btn-icon-shaped btn-has-label\"\t\t\t>\n\t\t\t\t\t\t\t\t\t<span data-text=\"Sign Now\" class=\"btn-txt\">\n\t\t\t\t\t\tAssine agora\t\t\t\t\t<\/span>\n\t\t\t\t\t\t\t\t\t\t\t<\/a>\n\t\t\t\t\t\t\t<\/div>\n\t\t\t\t<\/div>\n\t\t\t\t<\/div>\n\t\t\t\t<\/div>\n\t\t\t\t<\/div>","protected":false},"excerpt":{"rendered":"<p>This is about to get serious. Thank you for trusting in us. This is about to get serious.\u200b Thank you for trusting in us.\u200b Let&#8217;s sign our contract. Please read and sign our agreement in the next page. If you have any questions, our investors relations team is always available to help you. Sign Now<\/p>","protected":false},"author":1,"featured_media":0,"parent":8459,"menu_order":0,"comment_status":"closed","ping_status":"closed","template":"","meta":{"footnotes":""},"class_list":["post-8724","page","type-page","status-publish","hentry"],"aioseo_notices":[],"_links":{"self":[{"href":"https:\/\/kingdomautofinance.com\/br\/wp-json\/wp\/v2\/pages\/8724","targetHints":{"allow":["GET"]}}],"collection":[{"href":"https:\/\/kingdomautofinance.com\/br\/wp-json\/wp\/v2\/pages"}],"about":[{"href":"https:\/\/kingdomautofinance.com\/br\/wp-json\/wp\/v2\/types\/page"}],"author":[{"embeddable":true,"href":"https:\/\/kingdomautofinance.com\/br\/wp-json\/wp\/v2\/users\/1"}],"replies":[{"embeddable":true,"href":"https:\/\/kingdomautofinance.com\/br\/wp-json\/wp\/v2\/comments?post=8724"}],"version-history":[{"count":0,"href":"https:\/\/kingdomautofinance.com\/br\/wp-json\/wp\/v2\/pages\/8724\/revisions"}],"up":[{"embeddable":true,"href":"https:\/\/kingdomautofinance.com\/br\/wp-json\/wp\/v2\/pages\/8459"}],"wp:attachment":[{"href":"https:\/\/kingdomautofinance.com\/br\/wp-json\/wp\/v2\/media?parent=8724"}],"curies":[{"name":"wp","href":"https:\/\/api.w.org\/{rel}","templated":true}]}}