{"id":8273,"date":"2023-06-19T19:56:25","date_gmt":"2023-06-19T19:56:25","guid":{"rendered":"https:\/\/kingdomautofinance.com\/?page_id=8273"},"modified":"2025-01-03T18:50:02","modified_gmt":"2025-01-03T18:50:02","slug":"contact-us","status":"publish","type":"page","link":"https:\/\/kingdomautofinance.com\/br\/contact-us\/","title":{"rendered":"Entre em Contato"},"content":{"rendered":"<div data-elementor-type=\"wp-page\" data-elementor-id=\"8273\" class=\"elementor elementor-8273\">\n\t\t\t\t<div class=\"lqd-css-sticky elementor-element elementor-element-2bb79ab e-flex e-con-boxed e-con e-parent\" style=\"top: auto; top: 0px;\" data-id=\"2bb79ab\" data-element_type=\"container\" data-settings=\"{&quot;background_background&quot;:&quot;classic&quot;}\">\n\t\t\t\t\t<div class=\"e-con-inner\">\n\t\t<div data-parallax=\"true\" data-parallax-options=\"{&quot;ease&quot;:[&quot;linear&quot;],&quot;start&quot;:&quot;center center&quot;,&quot;end&quot;:&quot;bottom+=0px top&quot;}\" data-parallax-from=\"{&quot;y&quot;:&quot;0px&quot;,&quot;z&quot;:&quot;0px&quot;,&quot;scaleX&quot;:1,&quot;scaleY&quot;:1,&quot;opacity&quot;:1,&quot;transformOrigin&quot;:&quot;50% 50% 0px&quot;}\" data-parallax-to=\"{&quot;y&quot;:&quot;-200px&quot;,&quot;z&quot;:&quot;50px&quot;,&quot;scaleX&quot;:0.7,&quot;scaleY&quot;:0.7,&quot;opacity&quot;:0,&quot;transformOrigin&quot;:&quot;50% 50% 0px&quot;}\" class=\"elementor-element elementor-element-daa2e36 e-con-full e-flex e-con e-child\" data-id=\"daa2e36\" data-element_type=\"container\">\n\t\t\t\t<div class=\"elementor-element elementor-element-ec6cce3 elementor-widget elementor-widget-hub_fancy_heading\" data-id=\"ec6cce3\" data-element_type=\"widget\" data-widget_type=\"hub_fancy_heading.default\">\n\t\t\t\t<div class=\"elementor-widget-container\">\n\t\t\t\t\t\n\t\t<div id=\"ld-fancy-heading-69dffe2e51c4f\" class=\"ld-fancy-heading pos-rel\">\n\t\t\t<h2 class=\"ld-fh-element d-inline-block pos-rel  elementor-heading-title ld-gradient-heading lqd-highlight-custom lqd-highlight-custom-1 h2\"  > Entre em Contato<\/h2>\t\t<\/div>\n\n\t\t\t\t\t\t<\/div>\n\t\t\t\t<\/div>\n\t\t\t\t<div class=\"elementor-element elementor-element-a80f593 elementor-widget elementor-widget-hub_fancy_heading\" data-id=\"a80f593\" data-element_type=\"widget\" data-widget_type=\"hub_fancy_heading.default\">\n\t\t\t\t<div class=\"elementor-widget-container\">\n\t\t\t\t\t\n\t\t<div id=\"ld-fancy-heading-69dffe2e52004\" class=\"ld-fancy-heading pos-rel\">\n\t\t\t<p class=\"ld-fh-element d-inline-block pos-rel  lqd-highlight-classic lqd-highlight-grow-left p\"  > Tem uma pergunta? N\u00f3s temos as respostas. Quer uma piada? N\u00f3s temos tamb\u00e9m! <\/p>\t\t<\/div>\n\n\t\t\t\t\t\t<\/div>\n\t\t\t\t<\/div>\n\t\t\t\t<div class=\"elementor-element elementor-element-f981b97 elementor-align-center elementor-widget elementor-widget-ld_button\" data-id=\"f981b97\" data-element_type=\"widget\" data-widget_type=\"ld_button.default\">\n\t\t\t\t<div class=\"elementor-widget-container\">\n\t\t\t\t\t\n\t\t\t<a\n\t\t\t\thref=\"#contact-form\"class=\"elementor-button btn btn-solid btn-icon-shaped btn-has-label\"\t\t\t>\n\t\t\t\t\t\t\t\t\t<span data-text=\"Get in Touch now\" class=\"btn-txt\">\n\t\t\t\t\t\tEntre em contato agora\t\t\t\t\t<\/span>\n\t\t\t\t\t\t\t\t\t\t\t<\/a>\n\t\t\t\t\t\t\t<\/div>\n\t\t\t\t<\/div>\n\t\t\t\t<\/div>\n\t\t\t\t\t<\/div>\n\t\t\t\t<\/div>\n\t\t<div class=\"elementor-element elementor-element-41eb910 e-con-full e-flex e-con e-parent\" data-id=\"41eb910\" data-element_type=\"container\" id=\"contact-form\">\n\t\t<div class=\"elementor-element elementor-element-76922b4 e-con-full scroll-padding e-flex e-con e-child\" data-id=\"76922b4\" data-element_type=\"container\" data-settings=\"{&quot;background_background&quot;:&quot;classic&quot;}\">\n\t\t<div class=\"elementor-element elementor-element-e8202a1 e-con-full e-flex e-con e-child\" data-id=\"e8202a1\" data-element_type=\"container\" data-settings=\"{&quot;background_background&quot;:&quot;classic&quot;}\">\n\t\t\t\t<div class=\"elementor-element elementor-element-fc225ae elementor-widget elementor-widget-hub_fancy_heading\" data-id=\"fc225ae\" data-element_type=\"widget\" data-widget_type=\"hub_fancy_heading.default\">\n\t\t\t\t<div class=\"elementor-widget-container\">\n\t\t\t\t\t\n\t\t<div id=\"ld-fancy-heading-69dffe2e53537\" class=\"ld-fancy-heading pos-rel\">\n\t\t\t<h2 class=\"ld-fh-element d-inline-block pos-rel  elementor-heading-title ld-gradient-heading lqd-highlight-classic lqd-highlight-grow-left h2\"  > P\u00e9 na estrada, Bino!<\/h2>\t\t<\/div>\n\n\t\t\t\t\t\t<\/div>\n\t\t\t\t<\/div>\n\t\t<div class=\"elementor-element elementor-element-3b15df5 e-flex e-con-boxed e-con e-child\" data-id=\"3b15df5\" data-element_type=\"container\">\n\t\t\t\t\t<div class=\"e-con-inner\">\n\t\t\t\t<div class=\"elementor-element elementor-element-0d432fc elementor-widget elementor-widget-ld_cf722\" data-id=\"0d432fc\" data-element_type=\"widget\" data-widget_type=\"ld_cf722.default\">\n\t\t\t\t<div class=\"elementor-widget-container\">\n\t\t\t\t\t\n\t<div class=\"lqd-contact-form lqd-contact-form-inputs-underlined lqd-contact-form-inputs-border-thick  lqd-contact-form-button-block lqd-contact-form-button-filled  lqd-contact-form-button-circle  lqd-contact-form-inputs-md\">\n\t\t\n<div class=\"wpcf7 no-js\" id=\"wpcf7-f8289-o1\" lang=\"en-US\" dir=\"ltr\" data-wpcf7-id=\"8289\">\n<div class=\"screen-reader-response\"><p role=\"status\" aria-live=\"polite\" aria-atomic=\"true\"><\/p> <ul><\/ul><\/div>\n<form action=\"\/br\/wp-json\/wp\/v2\/pages\/8273#wpcf7-f8289-o1\" method=\"post\" class=\"wpcf7-form init\" aria-label=\"Formul\u00e1rio de contato\" novalidate=\"novalidate\" data-status=\"init\" data-trp-original-action=\"\/br\/wp-json\/wp\/v2\/pages\/8273#wpcf7-f8289-o1\">\n<fieldset class=\"hidden-fields-container\"><input type=\"hidden\" name=\"_wpcf7\" value=\"8289\" \/><input type=\"hidden\" name=\"_wpcf7_version\" value=\"6.1.1\" \/><input type=\"hidden\" name=\"_wpcf7_locale\" value=\"en_US\" \/><input type=\"hidden\" name=\"_wpcf7_unit_tag\" value=\"wpcf7-f8289-o1\" \/><input type=\"hidden\" name=\"_wpcf7_container_post\" value=\"0\" \/><input type=\"hidden\" name=\"_wpcf7_posted_data_hash\" value=\"\" \/><input type=\"hidden\" name=\"_wpcf7_recaptcha_response\" value=\"\" \/>\n<\/fieldset>\n<p><span class=\"wpcf7-form-control-wrap\" data-name=\"your-name\"><input size=\"40\" maxlength=\"400\" class=\"wpcf7-form-control wpcf7-text wpcf7-validates-as-required\" autocomplete=\"name\" aria-required=\"true\" aria-invalid=\"false\" placeholder=\"Seu nome\" value=\"\" type=\"text\" name=\"your-name\" \/><\/span>\n<\/p>\n<p><span class=\"wpcf7-form-control-wrap\" data-name=\"your-email\"><input size=\"40\" maxlength=\"400\" class=\"wpcf7-form-control wpcf7-email wpcf7-validates-as-required wpcf7-text wpcf7-validates-as-email\" autocomplete=\"email\" aria-required=\"true\" aria-invalid=\"false\" placeholder=\"Seu e-mail\" value=\"\" type=\"email\" name=\"your-email\" \/><\/span>\n<\/p>\n<p><span class=\"wpcf7-form-control-wrap\" data-name=\"phone-number\"><input size=\"40\" maxlength=\"400\" class=\"wpcf7-form-control wpcf7-tel wpcf7-validates-as-required wpcf7-text wpcf7-validates-as-tel\" aria-required=\"true\" aria-invalid=\"false\" placeholder=\"Seu n\u00famero de telefone\" value=\"\" type=\"tel\" name=\"phone-number\" \/><\/span>\n<\/p>\n<p><span class=\"wpcf7-form-control-wrap\" data-name=\"your-message\"><textarea cols=\"40\" rows=\"10\" maxlength=\"2000\" class=\"wpcf7-form-control wpcf7-textarea wpcf7-validates-as-required\" aria-required=\"true\" aria-invalid=\"false\" placeholder=\"Sua mensagem\" name=\"your-message\"><\/textarea><\/span>\n<\/p>\n<p><span class=\"wpcf7-form-control-wrap\" data-name=\"acceptance\"><span class=\"wpcf7-form-control wpcf7-acceptance optional\"><span class=\"wpcf7-list-item\"><label><input type=\"checkbox\" name=\"acceptance\" value=\"1\" aria-invalid=\"false\" \/><span class=\"wpcf7-list-item-label\">Aceito a Pol\u00edtica de Privacidade e os Termos do Servi\u00e7o<\/span><\/label><\/span><\/span><\/span>\n<\/p>\n\n<p><input class=\"wpcf7-form-control wpcf7-submit has-spinner\" type=\"submit\" value=\"Enviar\" \/>\n<\/p><div class=\"wpcf7-response-output\" aria-hidden=\"true\"><\/div>\n<input type=\"hidden\" name=\"trp-form-language\" value=\"br\"\/><\/form>\n<\/div>\n\t<\/div>\n\n\t\t\t\t\t<\/div>\n\t\t\t\t<\/div>\n\t\t\t\t<div class=\"elementor-element elementor-element-338e3fe elementor-widget__width-initial elementor-absolute elementor-widget elementor-widget-ld_fancy_image\" data-id=\"338e3fe\" data-element_type=\"widget\" data-settings=\"{&quot;_position&quot;:&quot;absolute&quot;}\" data-widget_type=\"ld_fancy_image.default\">\n\t\t\t\t<div class=\"elementor-widget-container\">\n\t\t\t\t\t\n\t\t<div class=\"lqd-imggrp-single d-block pos-rel\" data-float=\"ease-in-out\">\n\t\t\t<div class=\"lqd-imggrp-img-container d-inline-flex pos-rel align-items-center justify-content-center\">\n\t\t\t\t\t\t\t\t<figure class=\"w-100 pos-rel\">\n\t\t\t\t\t<img fetchpriority=\"high\" decoding=\"async\" width=\"275\" height=\"302\" src=\"https:\/\/kingdomautofinance.com\/wp-content\/uploads\/2023\/06\/illustration-3.png\" class=\"attachment-full size-full wp-image-8282\" alt=\"\" srcset=\"https:\/\/kingdomautofinance.com\/wp-content\/uploads\/2023\/06\/illustration-3.png 275w, https:\/\/kingdomautofinance.com\/wp-content\/uploads\/2023\/06\/illustration-3-273x300.png 273w, https:\/\/kingdomautofinance.com\/wp-content\/uploads\/2023\/06\/illustration-3-11x12.png 11w\" sizes=\"(max-width: 275px) 100vw, 275px\" itemprop=\"image\" \/>\t\t\t\t\t\t\t\t\t\t\t\t\t\t\t\t\t\t\t\t\t\t\t\t\t\t\t\t\t<\/figure>\n\t\t\t<\/div>\n\t\t<\/div>\n\n\t\t\t\t\t<\/div>\n\t\t\t\t<\/div>\n\t\t\t\t\t<\/div>\n\t\t\t\t<\/div>\n\t\t\t\t<div class=\"elementor-element elementor-element-8fa3627 elementor-absolute elementor-hidden-mobile elementor-widget elementor-widget-ld_fancy_image\" data-id=\"8fa3627\" data-element_type=\"widget\" data-settings=\"{&quot;_position&quot;:&quot;absolute&quot;}\" data-widget_type=\"ld_fancy_image.default\">\n\t\t\t\t<div class=\"elementor-widget-container\">\n\t\t\t\t\t\n\t\t<div class=\"lqd-imggrp-single d-block pos-rel\">\n\t\t\t<div class=\"lqd-imggrp-img-container d-inline-flex pos-rel align-items-center justify-content-center\">\n\t\t\t\t\t\t\t\t<figure class=\"w-100 pos-rel\">\n\t\t\t\t\t<img decoding=\"async\" width=\"407\" height=\"421\" src=\"https:\/\/kingdomautofinance.com\/wp-content\/uploads\/2023\/06\/shape-2.svg\" class=\"attachment-full size-full wp-image-8280\" alt=\"\" itemprop=\"image\" \/>\t\t\t\t\t\t\t\t\t\t\t\t\t\t\t\t\t\t\t\t\t\t\t\t\t\t\t\t\t<\/figure>\n\t\t\t<\/div>\n\t\t<\/div>\n\n\t\t\t\t\t<\/div>\n\t\t\t\t<\/div>\n\t\t\t\t<\/div>\n\t\t<div class=\"elementor-element elementor-element-2d04874 e-con-full e-flex e-con e-child\" data-id=\"2d04874\" data-element_type=\"container\" data-settings=\"{&quot;background_background&quot;:&quot;classic&quot;}\">\n\t\t<div class=\"elementor-element elementor-element-0fadec2 e-flex e-con-boxed e-con e-child\" data-id=\"0fadec2\" data-element_type=\"container\">\n\t\t\t\t\t<div class=\"e-con-inner\">\n\t\t\t\t<div class=\"elementor-element elementor-element-147eaa5 elementor-widget elementor-widget-hub_fancy_heading\" data-id=\"147eaa5\" data-element_type=\"widget\" data-widget_type=\"hub_fancy_heading.default\">\n\t\t\t\t<div class=\"elementor-widget-container\">\n\t\t\t\t\t\n\t\t<div id=\"ld-fancy-heading-69dffe2e6d1eb\" class=\"ld-fancy-heading pos-rel\">\n\t\t\t<p class=\"ld-fh-element d-inline-block pos-rel  lqd-highlight-classic lqd-highlight-grow-left p\"  > Sede da Empresa<\/p>\t\t<\/div>\n\n\t\t\t\t\t\t<\/div>\n\t\t\t\t<\/div>\n\t\t\t\t<div class=\"elementor-element elementor-element-c538ccd elementor-widget elementor-widget-hub_fancy_heading\" data-id=\"c538ccd\" data-element_type=\"widget\" data-widget_type=\"hub_fancy_heading.default\">\n\t\t\t\t<div class=\"elementor-widget-container\">\n\t\t\t\t\t\n\t\t<div id=\"ld-fancy-heading-69dffe2e6d4e8\" class=\"ld-fancy-heading pos-rel\">\n\t\t\t<p class=\"ld-fh-element d-inline-block pos-rel  lqd-highlight-classic lqd-highlight-grow-left p\"  > 300 S Orange Blvd, Ste 1000<\/br>\nOrlando, Fl\u00f3rida 32812<\/p>\t\t<\/div>\n\n\t\t\t\t\t\t<\/div>\n\t\t\t\t<\/div>\n\t\t\t\t<div class=\"elementor-element elementor-element-8d3e316 elementor-widget elementor-widget-hub_fancy_heading\" data-id=\"8d3e316\" data-element_type=\"widget\" data-widget_type=\"hub_fancy_heading.default\">\n\t\t\t\t<div class=\"elementor-widget-container\">\n\t\t\t\t\t\n\t\t<div id=\"ld-fancy-heading-69dffe2e6d7b2\" class=\"ld-fancy-heading pos-rel\">\n\t\t\t<p class=\"ld-fh-element d-inline-block pos-rel  lqd-highlight-classic lqd-highlight-grow-left p\"  > <b>Telefone: <\/b> <\/br><a href=\"tel:+4072052323\" style=\"text-decoration: none\">(407) 205-2323<\/a><\/p>\t\t<\/div>\n\n\t\t\t\t\t\t<\/div>\n\t\t\t\t<\/div>\n\t\t\t\t<div class=\"elementor-element elementor-element-3a1ae0c elementor-widget elementor-widget-hub_fancy_heading\" data-id=\"3a1ae0c\" data-element_type=\"widget\" data-widget_type=\"hub_fancy_heading.default\">\n\t\t\t\t<div class=\"elementor-widget-container\">\n\t\t\t\t\t\n\t\t<div id=\"ld-fancy-heading-69dffe2e6dac5\" class=\"ld-fancy-heading pos-rel\">\n\t\t\t<p class=\"ld-fh-element d-inline-block pos-rel  lqd-highlight-classic lqd-highlight-grow-left p\"  > <i>Hor\u00e1rio de funcionamento:<\/i><br \/><br \/>\n\n9:00 da manh\u00e3 \u00e0s 5:00 da tarde<\/br>De Segunda a Sexta-feira\n\n<\/p>\t\t<\/div>\n\n\t\t\t\t\t\t<\/div>\n\t\t\t\t<\/div>\n\t\t\t\t\t<\/div>\n\t\t\t\t<\/div>\n\t\t\t\t<\/div>\n\t\t\t\t<\/div>\n\t\t\t\t<\/div>\n\t\t\t\t<\/div>","protected":false},"excerpt":{"rendered":"<p>Entre em contato conosco. Tem alguma pergunta? N\u00f3s temos as respostas. Quer uma piada? N\u00f3s tamb\u00e9m temos! Entre em contato agora mesmo. Pegue a estrada, Jack! Aceito a Pol\u00edtica de Privacidade e os Termos de Servi\u00e7o. Sede: 300 S Orange Blvd, Ste 1000 Orlando, FL 32812. Telefone: (407) 205-2323. Hor\u00e1rio de atendimento: das 9h \u00e0s 17h, de segunda a [\u2026]<\/p>","protected":false},"author":1,"featured_media":0,"parent":0,"menu_order":0,"comment_status":"closed","ping_status":"closed","template":"","meta":{"footnotes":""},"class_list":["post-8273","page","type-page","status-publish","hentry"],"aioseo_notices":[],"_links":{"self":[{"href":"https:\/\/kingdomautofinance.com\/br\/wp-json\/wp\/v2\/pages\/8273","targetHints":{"allow":["GET"]}}],"collection":[{"href":"https:\/\/kingdomautofinance.com\/br\/wp-json\/wp\/v2\/pages"}],"about":[{"href":"https:\/\/kingdomautofinance.com\/br\/wp-json\/wp\/v2\/types\/page"}],"author":[{"embeddable":true,"href":"https:\/\/kingdomautofinance.com\/br\/wp-json\/wp\/v2\/users\/1"}],"replies":[{"embeddable":true,"href":"https:\/\/kingdomautofinance.com\/br\/wp-json\/wp\/v2\/comments?post=8273"}],"version-history":[{"count":0,"href":"https:\/\/kingdomautofinance.com\/br\/wp-json\/wp\/v2\/pages\/8273\/revisions"}],"wp:attachment":[{"href":"https:\/\/kingdomautofinance.com\/br\/wp-json\/wp\/v2\/media?parent=8273"}],"curies":[{"name":"wp","href":"https:\/\/api.w.org\/{rel}","templated":true}]}}